{"id":9560,"date":"2020-12-18T13:06:16","date_gmt":"2020-12-18T12:06:16","guid":{"rendered":"https:\/\/hotelderblauereiter.de\/?post_type=product&#038;p=9560"},"modified":"2021-11-23T11:14:05","modified_gmt":"2021-11-23T10:14:05","slug":"cocktailkurs-29-09-2022","status":"publish","type":"product","link":"https:\/\/development.hotelderblauereiter.de\/en\/product\/cocktailkurs-29-09-2022\/","title":{"rendered":"COCKTAILKURS 29.09.2022"},"content":{"rendered":"<p>19:30 &#8211; 22:00 UHR<br \/>\nLassen Sie sich von Cocktail-Profi Alexander Kreft &#8211; Vizepr\u00e4sident der DBU \u2014 Deutsche Barkeeper-Union e.V. \u2014 Sektion Baden-W\u00fcrttemberg &#8211; in die Mixkunst seiner ber\u00fchmten Cocktails entf\u00fchren. Lernen Sie Wissenswertes \u00fcber die Barphilosophie und den Aufbau der verschiedenen Cocktails. Nach der Zubereitung der Cocktails steht die Verkostung der selbst hergestellten Drinks im Vordergrund.<\/p>\n<p>Voraussetzung: Mindestalter 18 Jahre<\/p>","protected":false},"excerpt":{"rendered":"<p>Voraussetzung: Mindestalter 18 Jahre<\/p>","protected":false},"featured_media":9498,"comment_status":"open","ping_status":"closed","template":"","meta":{"site-sidebar-layout":"default","site-content-layout":"default","ast-global-header-display":"","ast-main-header-display":"","ast-hfb-above-header-display":"","ast-hfb-below-header-display":"","ast-hfb-mobile-header-display":"","site-post-title":"","ast-breadcrumbs-content":"","ast-featured-img":"","footer-sml-layout":"","theme-transparent-header-meta":"default","adv-header-id-meta":"","stick-header-meta":"","header-above-stick-meta":"","header-main-stick-meta":"","header-below-stick-meta":""},"product_cat":[46,65],"product_tag":[],"_links":{"self":[{"href":"https:\/\/development.hotelderblauereiter.de\/en\/wp-json\/wp\/v2\/product\/9560"}],"collection":[{"href":"https:\/\/development.hotelderblauereiter.de\/en\/wp-json\/wp\/v2\/product"}],"about":[{"href":"https:\/\/development.hotelderblauereiter.de\/en\/wp-json\/wp\/v2\/types\/product"}],"replies":[{"embeddable":true,"href":"https:\/\/development.hotelderblauereiter.de\/en\/wp-json\/wp\/v2\/comments?post=9560"}],"version-history":[{"count":2,"href":"https:\/\/development.hotelderblauereiter.de\/en\/wp-json\/wp\/v2\/product\/9560\/revisions"}],"predecessor-version":[{"id":11546,"href":"https:\/\/development.hotelderblauereiter.de\/en\/wp-json\/wp\/v2\/product\/9560\/revisions\/11546"}],"wp:featuredmedia":[{"embeddable":true,"href":"https:\/\/development.hotelderblauereiter.de\/en\/wp-json\/wp\/v2\/media\/9498"}],"wp:attachment":[{"href":"https:\/\/development.hotelderblauereiter.de\/en\/wp-json\/wp\/v2\/media?parent=9560"}],"wp:term":[{"taxonomy":"product_cat","embeddable":true,"href":"https:\/\/development.hotelderblauereiter.de\/en\/wp-json\/wp\/v2\/product_cat?post=9560"},{"taxonomy":"product_tag","embeddable":true,"href":"https:\/\/development.hotelderblauereiter.de\/en\/wp-json\/wp\/v2\/product_tag?post=9560"}],"curies":[{"name":"wp","href":"https:\/\/api.w.org\/{rel}","templated":true}]}}